{"id":3,"date":"2021-10-12T20:02:45","date_gmt":"2021-10-12T20:02:45","guid":{"rendered":"http:\/\/gulfstream.agency\/?page_id=3"},"modified":"2023-01-05T15:46:33","modified_gmt":"2023-01-05T15:46:33","slug":"privacy-policy","status":"publish","type":"page","link":"https:\/\/gulfstream.agency\/it\/privacy-policy\/","title":{"rendered":"Informativa sulla privacy"},"content":{"rendered":"<p>VIS &#8211; LINGVO S.R.O. in Prague with the number of the company: 24736155 and registered address at 245\/23 Hornopo\u010dernick\u00e1 Str., Kbely, 19700, Prague, Czech Republic (the \u201cCompany\u201c, \u201cwe\u201c, \u201cus\u201d and \u201cour\u201c) respects your privacy. This policy explains our privacy practices for this website (the \u201cWebsite\u201d). It describes the ways your personal information is collected and used. This policy does not govern the privacy practices related to our products and services other than the Website itself.<\/p>\n\n\n\n<h5 class=\"wp-block-heading\"><strong>CONSENSO<\/strong><\/h5>\n\n\n\n<p>Utilizzando il nostro sito Web, acconsenti alla nostra Informativa sulla privacy e accetti i suoi termini.<\/p>\n\n\n\n<h5 class=\"wp-block-heading\"><strong>DEFINIZIONI<\/strong><\/h5>\n\n\n\n<p>Per aiutare a spiegare le cose nel modo pi\u00f9 chiaro possibile nella presente Informativa sulla privacy, ogni volta che si fa riferimento a uno qualsiasi di questi termini, sono rigorosamente definiti come:<\/p>\n\n\n\n<ul><li>Societ\u00e0: quando questa politica menziona \"Azienda\", \"noi\", \"ci\" o \"nostro\", si riferisce a VIS \u2013 LINGVO S.R.O. (245\/23 Hornopo\u010dernick\u00e1 Str., Kbely, 19700, Praga, Repubblica Ceca), responsabile delle tue informazioni ai sensi della presente Informativa sulla privacy.<\/li><li>Country: where Gulf Stream Real Estate Agency or the owners\/founders of Gulf Stream Real Estate Agency are based, in this case is Czech Republic<\/li><li>Customer: refers to the company, organization or person that signs up to use the Gulf Stream Real Estate Agency Service to manage the relationships with your consumers or service users.<\/li><li>Device: any internet connected device such as a phone, tablet, computer or any other device that can be used to visit Gulf Stream Real Estate Agency and use the services.<\/li><li>Indirizzo IP: a ogni dispositivo connesso a Internet viene assegnato un numero noto come indirizzo IP (Internet Protocol). Questi numeri sono solitamente assegnati in blocchi geografici. Un indirizzo IP pu\u00f2 essere spesso utilizzato per identificare la posizione da cui un dispositivo si sta connettendo a Internet.<\/li><li>Personnel: refers to those individuals who are employed by Gulf Stream Real Estate Agency or are under contract to perform a service on behalf of one of the parties.<\/li><li>Dato Personale: qualunque informazione che, direttamente, indirettamente o in collegamento con qualsiasi altra informazione, ivi compreso un numero di identificazione personale, renda identificata o identificabile una persona fisica.<\/li><li>Service: refers to the service provided by Gulf Stream Real Estate Agency as described in the relative terms (if available) and on this platform.<\/li><li>Servizio di terze parti: si riferisce a inserzionisti, sponsor di concorsi, partner promozionali e di marketing e altri che forniscono i nostri contenuti o i cui prodotti o servizi riteniamo possano interessarti.<\/li><li>Sito web: Sito di VIS \u2013 LINGVO S.R.O., a cui si accede tramite questo URL: <a href=\"https:\/\/gulfstream.agency\/it\/\">https:\/\/gulfstream.agency\/<\/a><\/li><li>You: a person or entity that is registered with Gulf Stream Real Estate Agency to use the Services.<\/li><\/ul>\n\n\n\n<h5 class=\"wp-block-heading\"><strong>INFORMAZIONI CHE RACCOGLIAMO<\/strong><\/h5>\n\n\n\n<p>Durante la compilazione del nostro modulo di registrazione online, ti chiederemo di fornirci informazioni personali, come il tuo nome e i dettagli di contatto. Devi fornire dettagli completi, accurati e corretti e con la presente confermi che i dettagli che hai fornito sono corretti. Non sei obbligato per legge a fornire alla Societ\u00e0 i tuoi dati personali. Tuttavia, se fornisci informazioni false, errate o obsolete, o solo informazioni parziali, potrebbe compromettere la nostra capacit\u00e0 di contattarti. Quando fornisci alla Societ\u00e0 i dati personali di un'altra persona, dichiari e garantisci di aver ricevuto il consenso scritto esplicito dell'altra persona a fornire questi dettagli alla Societ\u00e0 e ad utilizzarli secondo questa Politica. La Societ\u00e0 pu\u00f2 raccogliere informazioni relative alla tua attivit\u00e0 sul sito Web, comprese le informazioni o i contenuti che hai letto, la durata delle sessioni, le pagine Web che hai guardato, i servizi che ti interessavano, la posizione del computer e il protocollo Internet ( IP) indirizzo attraverso il quale hai avuto accesso al Sito e altro. Inoltre, la Societ\u00e0 pu\u00f2 raccogliere o avvalersi dell'assistenza di terzi per raccogliere e analizzare informazioni anonime, statistiche o aggregate relative all'utilizzo del sito Web da parte dell'utente.<\/p>\n\n\n\n<h5 class=\"wp-block-heading\"><strong>UTILIZZO DELLE INFORMAZIONI RACCOLTE<\/strong><\/h5>\n\n\n\n<p>Conserveremo le informazioni fornite e le informazioni che raccogliamo sulla tua attivit\u00e0 sul sito Web nel nostro database (il \"database\"). Utilizzeremo le informazioni in conformit\u00e0 con questa Politica e qualsiasi legge applicabile, anche per i seguenti scopi:<\/p>\n\n\n\n<ul><li>Per fornire i servizi sul Sito e per consentirvi di utilizzarli;<\/li><li>Sviluppare e migliorare i nostri prodotti e servizi nel loro insieme e migliorare ed espandere i servizi e i contenuti offerti sul sito Web, creare nuovi servizi e contenuti che corrispondano ai requisiti e alle aspettative degli utenti del sito Web e dei nostri clienti e modificare o cancellare servizi e contenuti esistenti. Le informazioni utilizzate dalla Societ\u00e0 a tale scopo saranno principalmente informazioni statistiche e non ti identificheranno personalmente;<\/li><li>Per contattarti occasionalmente, dalla Societ\u00e0 o da chiunque per nostro conto, anche inviando messaggi di posta elettronica, messaggi SMS e informazioni relative ai nostri servizi e prodotti;<\/li><li>Per condurre ricerche e sondaggi e altre attivit\u00e0 simili relative allo sviluppo di prodotti e servizi;<\/li><li>To analyze and provide statistical information to third parties. This information will not identify you personally;<\/li><li>Per l'ordinato e corretto funzionamento e sviluppo del Sito;<\/li><li>Per qualsiasi altro scopo specificato nella presente Informativa o nelle Condizioni d'uso del sito Web.<\/li><\/ul>\n\n\n\n<h5 class=\"wp-block-heading\"><strong>TRASFERIMENTO DI INFORMAZIONI A TERZI<\/strong><\/h5>\n\n\n\n<p>Potremmo condividere le informazioni personali delineate in questa politica, con altri, in uno dei seguenti casi:<\/p>\n\n\n\n<ul><li>Con i nostri fornitori di servizi al fine di gestire, mantenere e migliorare il sito Web e facilitare le nostre comunicazioni e-mail con te;<\/li><li>Se hai abusato dei tuoi diritti di utilizzare il sito Web o violato qualsiasi legge applicabile, le tue informazioni potrebbero essere condivise con le autorit\u00e0 o altre terze parti, se lo riteniamo necessario o giustificato;<\/li><li>Con avvocati, tribunali e terze parti rilevanti, in ogni caso di controversia, o procedimento legale di qualsiasi tipo che coinvolga l'utente in relazione al Sito Web;<\/li><li>Se il funzionamento del sito Web \u00e8 organizzato in un quadro diverso, o attraverso un'altra struttura o entit\u00e0 legale (ad esempio a causa di una fusione o acquisizione), a condizione che tali entit\u00e0 accettino di essere vincolate dalle disposizioni di questa politica, con le modifiche ragionevolmente necessarie preso in considerazione; e<\/li><li>Possiamo condividere le informazioni personali con le entit\u00e0 del nostro gruppo aziendale (societ\u00e0 che controlliamo, controlliamo o siamo sotto il controllo comune con noi, direttamente o indirettamente), ma il loro utilizzo di tali informazioni deve essere conforme alla politica.<\/li><li>In ogni caso diverso da quanto sopra, i tuoi dati personali saranno condivisi con altri solo se fornisci il tuo esplicito consenso preventivo.<\/li><\/ul>\n\n\n\n<h5 class=\"wp-block-heading\"><strong>ACCESSO, AGGIORNAMENTO O CANCELLAZIONE DI &amp;lt<br>PERSONAL INFORMATION AND OBTAINING A COPY OF IT<\/strong><\/h5>\n\n\n\n<p>Rispettiamo i tuoi diritti alla privacy e pertanto puoi contattarci in qualsiasi momento e richiedere:<\/p>\n\n\n\n<ul><li>per accedere, eliminare, modificare o aggiornare qualsiasi informazione personale che ti riguarda (ad esempio, se ritieni che le tue informazioni personali non siano corrette, puoi chiederne la correzione o la cancellazione); o<\/li><li>che cesseremo qualsiasi ulteriore utilizzo delle tue informazioni personali (ad esempio, potresti chiederci di interrompere l'utilizzo o la condivisione delle tue informazioni personali con terze parti) o che rimuoveremo le tue informazioni personali (soggetto a qualsiasi altro obbligo legale che potrebbe richiedere noi per conservare le informazioni). Tieni presente che, a meno che tu non ci indichi diversamente, conserviamo le informazioni che raccogliamo per tutto il tempo necessario per fornire i servizi e per ottemperare ai nostri obblighi legali, risolvere controversie e far rispettare i nostri accordi. Possiamo rettificare, reintegrare o rimuovere informazioni incomplete o imprecise, in qualsiasi momento ea nostra discrezione. Se desideri presentare un reclamo su come abbiamo gestito le tue informazioni personali, ti preghiamo di contattarci direttamente all'indirizzo <a href=\"mailto:info@gulfstream.agency\">info@gulfstream.agency<\/a> Se non sei soddisfatto della nostra risposta o ritieni che stiamo raccogliendo o elaborando le tue informazioni personali non in conformit\u00e0 con le leggi, puoi presentare un reclamo all'autorit\u00e0 competente per la protezione dei dati.<\/li><\/ul>\n\n\n\n<h5 class=\"wp-block-heading\"><strong>LEGGE GOVERNATIVA<\/strong><\/h5>\n\n\n\n<p>La presente Informativa sulla privacy \u00e8 regolata dalle leggi della Repubblica Ceca, indipendentemente dalla disposizione sul conflitto di leggi. Acconsenti alla giurisdizione esclusiva dei tribunali in relazione a qualsiasi azione o controversia insorta tra le parti ai sensi o in connessione con la presente Informativa sulla privacy.<\/p>\n\n\n\n<p>Le leggi della Repubblica Ceca, escluse le norme sui conflitti di legge, regoleranno il presente Accordo e l'utilizzo del sito web da parte dell'utente. L'utilizzo del sito Web pu\u00f2 anche essere soggetto ad altre leggi locali, statali, nazionali o internazionali.<\/p>\n\n\n\n<p>By using Gulf Stream Real Estate Agency or contacting us directly, you signify your acceptance of this Privacy Policy. If you do not agree to this Privacy Policy, you should not engage with our website, or use our services. Continued use of the website, direct engagement with us, or following the posting of changes to this Privacy Policy that do not significantly affect the use or disclosure of your personal information will mean that you accept those changes.<\/p>\n\n\n\n<h5 class=\"wp-block-heading\"><strong>DIRITTI ALLA PROTEZIONE DEI DATI GDPR<\/strong><\/h5>\n\n\n\n<p>Vorremmo assicurarci che tu sia pienamente consapevole di tutti i tuoi diritti di protezione dei dati. Ogni utente ha diritto a:<\/p>\n\n\n\n<p>Il diritto di accesso \u2013 Hai il diritto di richiedere copie dei tuoi dati personali. Potremmo addebitarti una piccola commissione per questo servizio.<\/p>\n\n\n\n<p>Il diritto alla rettifica: hai il diritto di richiedere la correzione di qualsiasi informazione che ritieni inesatta. Hai anche il diritto di richiedere che completiamo le informazioni che ritieni incomplete.<\/p>\n\n\n\n<p>Il diritto di limitare il trattamento \u2013 Hai il diritto di richiedere che limitiamo il trattamento dei tuoi dati personali, a determinate condizioni.<\/p>\n\n\n\n<p>Il diritto di limitare il trattamento \u2013 Hai il diritto di richiedere che limitiamo il trattamento dei tuoi dati personali, a determinate condizioni.<\/p>\n\n\n\n<p>Il diritto di limitare il trattamento \u2013 Hai il diritto di richiedere che limitiamo il trattamento dei tuoi dati personali, a determinate condizioni.<\/p>\n\n\n\n<p>Il diritto alla portabilit\u00e0 dei dati \u2013 Hai il diritto di richiedere che trasferiamo i dati che abbiamo raccolto a un'altra organizzazione, o direttamente a te, a determinate condizioni.<\/p>\n\n\n\n<p>Se fai una richiesta, abbiamo un mese per risponderti. Se desideri esercitare uno di questi diritti, contattaci.<\/p>\n\n\n\n<h5 class=\"wp-block-heading\"><strong>INFORMAZIONI PER BAMBINI<\/strong><\/h5>\n\n\n\n<p>Un'altra parte della nostra priorit\u00e0 \u00e8 aggiungere la protezione dei bambini durante l'utilizzo di Internet. Incoraggiamo i genitori e i tutori a osservare, partecipare e\/o monitorare e guidare la loro attivit\u00e0 online.<\/p>\n\n\n\n<p>Gulf Stream Real Estate Agency does not knowingly collect any Personal Identifiable Information from children under the age of 18. If you think that your child provided this kind of information on our website, we strongly encourage you to contact us immediately and we will do our best efforts to promptly remove such information from our records.<\/p>\n\n\n\n<p><strong>COOKIE E ALTRI TRACKER<\/strong><\/p>\n\n\n\n<p>Utilizziamo vari tipi di cookie e altri tipi di web tracker, che ci aiutano ad amministrare e far funzionare il sito web. Questi tracker vengono utilizzati principalmente per raccogliere informazioni statistiche sull'utilizzo del sito Web da parte dell'utente; Utilizziamo i cookie per scopi di analisi del sito Web, come spiegato sopra. Se desideri bloccare i cookie, puoi farlo attraverso le impostazioni del tuo browser. Puoi eliminare i cookie che sono gi\u00e0 sul tuo computer e puoi impostare il tuo browser in modo da impedire che vengano inseriti in futuro. Si prega di fare riferimento al menu di aiuto del browser per ulteriori informazioni. Tieni inoltre presente che la disabilitazione dei cookie potrebbe influire negativamente sulla tua esperienza utente sul sito web. Non rispondiamo alle richieste \"Do Not Track\" dei browser. Potresti avere il diritto di proporre reclamo all'autorit\u00e0 di controllo competente per la protezione dei dati personali, ai sensi di legge.<\/p>\n\n\n\n<h5 class=\"wp-block-heading\"><strong>MODIFICHE A QUESTA POLITICA<\/strong><\/h5>\n\n\n\n<p>Di tanto in tanto, la Societ\u00e0 pu\u00f2 modificare i termini di questa politica. Accetti di essere vincolato da tutte le modifiche apportate ai termini di questa politica. Continuando a utilizzare il sito Web indicher\u00e0 la tua accettazione dei termini modificati. Se non sei d'accordo con nessuno dei termini modificati, devi evitare qualsiasi ulteriore utilizzo del sito web.<\/p>\n\n\n\n<h5 class=\"wp-block-heading\"><strong>CONTATTO<\/strong><\/h5>\n\n\n\n<p>Puoi contattarci per qualsiasi domanda o commento, a:<\/p>\n\n\n\n<ul><li>E-mail  <a href=\"mailto:info@gulfstream.agency\">info@gulfstream.agency<\/a><\/li><li>Telefono  <a href=\"tel: 420296183174\">+420296183174<\/a><\/li><li>Tramite questo link:   <a href=\"https:\/\/gulfstream.agency\/it\/#who-we-are\">https:\/\/gulfstream.agency\/#who-we-are<\/a><\/li><\/ul>","protected":false},"excerpt":{"rendered":"<p>VIS &#8211; LINGVO S.R.O. in Prague with the number of the company: 24736155 and registered address at 245\/23 Hornopo\u010dernick\u00e1 Str., Kbely, 19700, Prague, Czech Republic (the \u201cCompany\u201c, \u201cwe\u201c, \u201cus\u201d and \u201cour\u201c) respects your privacy. This policy explains our privacy practices for this website (the \u201cWebsite\u201d). It describes the ways your personal information is collected and [&hellip;]<\/p>","protected":false},"author":1,"featured_media":0,"parent":0,"menu_order":0,"comment_status":"closed","ping_status":"open","template":"text.php","meta":{"footnotes":""},"yoast_head":"<!-- This site is optimized with the Yoast SEO plugin v17.7.1 - https:\/\/yoast.com\/wordpress\/plugins\/seo\/ -->\n<meta name=\"robots\" content=\"index, follow, max-snippet:-1, max-image-preview:large, max-video-preview:-1\" \/>\n<link rel=\"canonical\" href=\"https:\/\/gulfstream.agency\/it\/privacy-policy\/\" \/>\n<meta property=\"og:locale\" content=\"it_IT\" \/>\n<meta property=\"og:type\" content=\"article\" \/>\n<meta property=\"og:title\" content=\"Privacy Policy - Gulf Stream Real Estate Agency\" \/>\n<meta property=\"og:description\" content=\"VIS &#8211; LINGVO S.R.O. in Prague with the number of the company: 24736155 and registered address at 245\/23 Hornopo\u010dernick\u00e1 Str., Kbely, 19700, Prague, Czech Republic (the \u201cCompany\u201c, \u201cwe\u201c, \u201cus\u201d and \u201cour\u201c) respects your privacy. This policy explains our privacy practices for this website (the \u201cWebsite\u201d). It describes the ways your personal information is collected and [&hellip;]\" \/>\n<meta property=\"og:url\" content=\"https:\/\/gulfstream.agency\/it\/privacy-policy\/\" \/>\n<meta property=\"og:site_name\" content=\"Gulf Stream Real Estate Agency\" \/>\n<meta property=\"article:modified_time\" content=\"2023-01-05T15:46:33+00:00\" \/>\n<meta name=\"twitter:card\" content=\"summary_large_image\" \/>\n<meta name=\"twitter:label1\" content=\"Tempo di lettura stimato\" \/>\n\t<meta name=\"twitter:data1\" content=\"9 minuti\" \/>\n<script type=\"application\/ld+json\" class=\"yoast-schema-graph\">{\"@context\":\"https:\/\/schema.org\",\"@graph\":[{\"@type\":\"WebSite\",\"@id\":\"https:\/\/gulfstream.agency\/#website\",\"url\":\"https:\/\/gulfstream.agency\/\",\"name\":\"Gulf Stream Real Estate Agency\",\"description\":\"\",\"potentialAction\":[{\"@type\":\"SearchAction\",\"target\":{\"@type\":\"EntryPoint\",\"urlTemplate\":\"https:\/\/gulfstream.agency\/?s={search_term_string}\"},\"query-input\":\"required name=search_term_string\"}],\"inLanguage\":\"it-IT\"},{\"@type\":\"WebPage\",\"@id\":\"https:\/\/gulfstream.agency\/privacy-policy\/#webpage\",\"url\":\"https:\/\/gulfstream.agency\/privacy-policy\/\",\"name\":\"Privacy Policy - Gulf Stream Real Estate Agency\",\"isPartOf\":{\"@id\":\"https:\/\/gulfstream.agency\/#website\"},\"datePublished\":\"2021-10-12T20:02:45+00:00\",\"dateModified\":\"2023-01-05T15:46:33+00:00\",\"breadcrumb\":{\"@id\":\"https:\/\/gulfstream.agency\/privacy-policy\/#breadcrumb\"},\"inLanguage\":\"it-IT\",\"potentialAction\":[{\"@type\":\"ReadAction\",\"target\":[\"https:\/\/gulfstream.agency\/privacy-policy\/\"]}]},{\"@type\":\"BreadcrumbList\",\"@id\":\"https:\/\/gulfstream.agency\/privacy-policy\/#breadcrumb\",\"itemListElement\":[{\"@type\":\"ListItem\",\"position\":1,\"name\":\"Home\",\"item\":\"https:\/\/gulfstream.agency\/\"},{\"@type\":\"ListItem\",\"position\":2,\"name\":\"Privacy Policy\"}]}]}<\/script>\n<!-- \/ Yoast SEO plugin. -->","yoast_head_json":{"robots":{"index":"index","follow":"follow","max-snippet":"max-snippet:-1","max-image-preview":"max-image-preview:large","max-video-preview":"max-video-preview:-1"},"canonical":"https:\/\/gulfstream.agency\/it\/privacy-policy\/","og_locale":"it_IT","og_type":"article","og_title":"Privacy Policy - Gulf Stream Real Estate Agency","og_description":"VIS &#8211; LINGVO S.R.O. in Prague with the number of the company: 24736155 and registered address at 245\/23 Hornopo\u010dernick\u00e1 Str., Kbely, 19700, Prague, Czech Republic (the \u201cCompany\u201c, \u201cwe\u201c, \u201cus\u201d and \u201cour\u201c) respects your privacy. This policy explains our privacy practices for this website (the \u201cWebsite\u201d). It describes the ways your personal information is collected and [&hellip;]","og_url":"https:\/\/gulfstream.agency\/it\/privacy-policy\/","og_site_name":"Gulf Stream Real Estate Agency","article_modified_time":"2023-01-05T15:46:33+00:00","twitter_card":"summary_large_image","twitter_misc":{"Tempo di lettura stimato":"9 minuti"},"schema":{"@context":"https:\/\/schema.org","@graph":[{"@type":"WebSite","@id":"https:\/\/gulfstream.agency\/#website","url":"https:\/\/gulfstream.agency\/","name":"Gulf Stream Real Estate Agency","description":"","potentialAction":[{"@type":"SearchAction","target":{"@type":"EntryPoint","urlTemplate":"https:\/\/gulfstream.agency\/?s={search_term_string}"},"query-input":"required name=search_term_string"}],"inLanguage":"it-IT"},{"@type":"WebPage","@id":"https:\/\/gulfstream.agency\/privacy-policy\/#webpage","url":"https:\/\/gulfstream.agency\/privacy-policy\/","name":"Privacy Policy - Gulf Stream Real Estate Agency","isPartOf":{"@id":"https:\/\/gulfstream.agency\/#website"},"datePublished":"2021-10-12T20:02:45+00:00","dateModified":"2023-01-05T15:46:33+00:00","breadcrumb":{"@id":"https:\/\/gulfstream.agency\/privacy-policy\/#breadcrumb"},"inLanguage":"it-IT","potentialAction":[{"@type":"ReadAction","target":["https:\/\/gulfstream.agency\/privacy-policy\/"]}]},{"@type":"BreadcrumbList","@id":"https:\/\/gulfstream.agency\/privacy-policy\/#breadcrumb","itemListElement":[{"@type":"ListItem","position":1,"name":"Home","item":"https:\/\/gulfstream.agency\/"},{"@type":"ListItem","position":2,"name":"Privacy Policy"}]}]}},"_links":{"self":[{"href":"https:\/\/gulfstream.agency\/it\/wp-json\/wp\/v2\/pages\/3"}],"collection":[{"href":"https:\/\/gulfstream.agency\/it\/wp-json\/wp\/v2\/pages"}],"about":[{"href":"https:\/\/gulfstream.agency\/it\/wp-json\/wp\/v2\/types\/page"}],"author":[{"embeddable":true,"href":"https:\/\/gulfstream.agency\/it\/wp-json\/wp\/v2\/users\/1"}],"replies":[{"embeddable":true,"href":"https:\/\/gulfstream.agency\/it\/wp-json\/wp\/v2\/comments?post=3"}],"version-history":[{"count":9,"href":"https:\/\/gulfstream.agency\/it\/wp-json\/wp\/v2\/pages\/3\/revisions"}],"predecessor-version":[{"id":718,"href":"https:\/\/gulfstream.agency\/it\/wp-json\/wp\/v2\/pages\/3\/revisions\/718"}],"wp:attachment":[{"href":"https:\/\/gulfstream.agency\/it\/wp-json\/wp\/v2\/media?parent=3"}],"curies":[{"name":"wp","href":"https:\/\/api.w.org\/{rel}","templated":true}]}}