{"id":43,"date":"2021-10-22T10:22:33","date_gmt":"2021-10-22T10:22:33","guid":{"rendered":"https:\/\/gulfstream.agency\/?page_id=43"},"modified":"2021-11-10T11:33:10","modified_gmt":"2021-11-10T11:33:10","slug":"refund_returns","status":"publish","type":"page","link":"https:\/\/gulfstream.agency\/de\/refund_returns\/","title":{"rendered":"R\u00fcckerstattungsrichtlinie"},"content":{"rendered":"<p>Vielen Dank f\u00fcr den Kauf unserer Dienstleistungen bei <a href=\"https:\/\/gulfstream.agency\/de\/\">https:\/\/gulfstream.agency\/<\/a> betrieben von VIS \u2013 LINGVO S.R.O.<\/p>\n\n\n\n<p>Wir bieten eine vollst\u00e4ndige Geld-zur\u00fcck-Garantie f\u00fcr alle Eink\u00e4ufe auf unserer Website. Wenn Sie mit den von uns gekauften Dienstleistungen nicht zufrieden sind, m\u00fcssen Sie die Nachricht an hinterlassen <a href=\"mailto:info@gulfstream.agency\">info@gulfstream.agency<\/a>. Ihre Anfrage wird direkt an unsere Finanzabteilung gesendet, die den Fall pr\u00fcft. Das Geld wird mit der urspr\u00fcnglichen Zahlungsmethode zur\u00fcckerstattet, die Sie w\u00e4hrend des Kaufs verwendet haben.<\/p>\n\n\n\n<p>Nach Ablauf der 30 Tage haben Sie keinen Anspruch mehr auf eine R\u00fcckerstattung. Wir ermutigen unsere Kunden, den Service in den ersten zwei Wochen nach dem Kauf zu testen, um sicherzustellen, dass er ihren Bed\u00fcrfnissen entspricht.<\/p>\n\n\n\n<p>Wenn Sie weitere Fragen haben oder eine R\u00fcckerstattung beantragen m\u00f6chten, kontaktieren Sie uns bitte unter<a href=\"mailto:info@gulfstream.agency\"> info@gulfstream.agency<\/a>.<\/p>","protected":false},"excerpt":{"rendered":"<p>Thanks for purchasing our services at https:\/\/gulfstream.agency\/ operated by VIS &#8211; LINGVO S.R.O. We offer a full money-back guarantee for all purchases made on our website. If you are not satisfied with the services that you have purchased from us, you need to leave the message at info@gulfstream.agency. Your request will be sent directly to [&hellip;]<\/p>","protected":false},"author":1,"featured_media":0,"parent":0,"menu_order":0,"comment_status":"closed","ping_status":"closed","template":"text.php","meta":{"footnotes":""},"yoast_head":"<!-- This site is optimized with the Yoast SEO plugin v17.7.1 - https:\/\/yoast.com\/wordpress\/plugins\/seo\/ -->\n<meta name=\"robots\" content=\"index, follow, max-snippet:-1, max-image-preview:large, max-video-preview:-1\" \/>\n<link rel=\"canonical\" href=\"https:\/\/gulfstream.agency\/de\/refund_returns\/\" \/>\n<meta property=\"og:locale\" content=\"de_DE\" \/>\n<meta property=\"og:type\" content=\"article\" \/>\n<meta property=\"og:title\" content=\"Refund Policy - Gulf Stream Real Estate Agency\" \/>\n<meta property=\"og:description\" content=\"Thanks for purchasing our services at https:\/\/gulfstream.agency\/ operated by VIS &#8211; LINGVO S.R.O. We offer a full money-back guarantee for all purchases made on our website. If you are not satisfied with the services that you have purchased from us, you need to leave the message at info@gulfstream.agency. Your request will be sent directly to [&hellip;]\" \/>\n<meta property=\"og:url\" content=\"https:\/\/gulfstream.agency\/de\/refund_returns\/\" \/>\n<meta property=\"og:site_name\" content=\"Gulf Stream Real Estate Agency\" \/>\n<meta property=\"article:modified_time\" content=\"2021-11-10T11:33:10+00:00\" \/>\n<meta name=\"twitter:card\" content=\"summary_large_image\" \/>\n<meta name=\"twitter:label1\" content=\"Gesch\u00e4tzte Lesezeit\" \/>\n\t<meta name=\"twitter:data1\" content=\"1\u00a0Minute\" \/>\n<script type=\"application\/ld+json\" class=\"yoast-schema-graph\">{\"@context\":\"https:\/\/schema.org\",\"@graph\":[{\"@type\":\"WebSite\",\"@id\":\"https:\/\/gulfstream.agency\/#website\",\"url\":\"https:\/\/gulfstream.agency\/\",\"name\":\"Gulf Stream Real Estate Agency\",\"description\":\"\",\"potentialAction\":[{\"@type\":\"SearchAction\",\"target\":{\"@type\":\"EntryPoint\",\"urlTemplate\":\"https:\/\/gulfstream.agency\/?s={search_term_string}\"},\"query-input\":\"required name=search_term_string\"}],\"inLanguage\":\"de\"},{\"@type\":\"WebPage\",\"@id\":\"https:\/\/gulfstream.agency\/refund_returns\/#webpage\",\"url\":\"https:\/\/gulfstream.agency\/refund_returns\/\",\"name\":\"Refund Policy - Gulf Stream Real Estate Agency\",\"isPartOf\":{\"@id\":\"https:\/\/gulfstream.agency\/#website\"},\"datePublished\":\"2021-10-22T10:22:33+00:00\",\"dateModified\":\"2021-11-10T11:33:10+00:00\",\"breadcrumb\":{\"@id\":\"https:\/\/gulfstream.agency\/refund_returns\/#breadcrumb\"},\"inLanguage\":\"de\",\"potentialAction\":[{\"@type\":\"ReadAction\",\"target\":[\"https:\/\/gulfstream.agency\/refund_returns\/\"]}]},{\"@type\":\"BreadcrumbList\",\"@id\":\"https:\/\/gulfstream.agency\/refund_returns\/#breadcrumb\",\"itemListElement\":[{\"@type\":\"ListItem\",\"position\":1,\"name\":\"Home\",\"item\":\"https:\/\/gulfstream.agency\/\"},{\"@type\":\"ListItem\",\"position\":2,\"name\":\"Refund Policy\"}]}]}<\/script>\n<!-- \/ Yoast SEO plugin. -->","yoast_head_json":{"robots":{"index":"index","follow":"follow","max-snippet":"max-snippet:-1","max-image-preview":"max-image-preview:large","max-video-preview":"max-video-preview:-1"},"canonical":"https:\/\/gulfstream.agency\/de\/refund_returns\/","og_locale":"de_DE","og_type":"article","og_title":"Refund Policy - Gulf Stream Real Estate Agency","og_description":"Thanks for purchasing our services at https:\/\/gulfstream.agency\/ operated by VIS &#8211; LINGVO S.R.O. We offer a full money-back guarantee for all purchases made on our website. If you are not satisfied with the services that you have purchased from us, you need to leave the message at info@gulfstream.agency. Your request will be sent directly to [&hellip;]","og_url":"https:\/\/gulfstream.agency\/de\/refund_returns\/","og_site_name":"Gulf Stream Real Estate Agency","article_modified_time":"2021-11-10T11:33:10+00:00","twitter_card":"summary_large_image","twitter_misc":{"Gesch\u00e4tzte Lesezeit":"1\u00a0Minute"},"schema":{"@context":"https:\/\/schema.org","@graph":[{"@type":"WebSite","@id":"https:\/\/gulfstream.agency\/#website","url":"https:\/\/gulfstream.agency\/","name":"Gulf Stream Real Estate Agency","description":"","potentialAction":[{"@type":"SearchAction","target":{"@type":"EntryPoint","urlTemplate":"https:\/\/gulfstream.agency\/?s={search_term_string}"},"query-input":"required name=search_term_string"}],"inLanguage":"de"},{"@type":"WebPage","@id":"https:\/\/gulfstream.agency\/refund_returns\/#webpage","url":"https:\/\/gulfstream.agency\/refund_returns\/","name":"Refund Policy - Gulf Stream Real Estate Agency","isPartOf":{"@id":"https:\/\/gulfstream.agency\/#website"},"datePublished":"2021-10-22T10:22:33+00:00","dateModified":"2021-11-10T11:33:10+00:00","breadcrumb":{"@id":"https:\/\/gulfstream.agency\/refund_returns\/#breadcrumb"},"inLanguage":"de","potentialAction":[{"@type":"ReadAction","target":["https:\/\/gulfstream.agency\/refund_returns\/"]}]},{"@type":"BreadcrumbList","@id":"https:\/\/gulfstream.agency\/refund_returns\/#breadcrumb","itemListElement":[{"@type":"ListItem","position":1,"name":"Home","item":"https:\/\/gulfstream.agency\/"},{"@type":"ListItem","position":2,"name":"Refund Policy"}]}]}},"_links":{"self":[{"href":"https:\/\/gulfstream.agency\/de\/wp-json\/wp\/v2\/pages\/43"}],"collection":[{"href":"https:\/\/gulfstream.agency\/de\/wp-json\/wp\/v2\/pages"}],"about":[{"href":"https:\/\/gulfstream.agency\/de\/wp-json\/wp\/v2\/types\/page"}],"author":[{"embeddable":true,"href":"https:\/\/gulfstream.agency\/de\/wp-json\/wp\/v2\/users\/1"}],"replies":[{"embeddable":true,"href":"https:\/\/gulfstream.agency\/de\/wp-json\/wp\/v2\/comments?post=43"}],"version-history":[{"count":2,"href":"https:\/\/gulfstream.agency\/de\/wp-json\/wp\/v2\/pages\/43\/revisions"}],"predecessor-version":[{"id":244,"href":"https:\/\/gulfstream.agency\/de\/wp-json\/wp\/v2\/pages\/43\/revisions\/244"}],"wp:attachment":[{"href":"https:\/\/gulfstream.agency\/de\/wp-json\/wp\/v2\/media?parent=43"}],"curies":[{"name":"wp","href":"https:\/\/api.w.org\/{rel}","templated":true}]}}