{"id":3,"date":"2021-10-12T20:02:45","date_gmt":"2021-10-12T20:02:45","guid":{"rendered":"http:\/\/gulfstream.agency\/?page_id=3"},"modified":"2023-01-05T15:46:33","modified_gmt":"2023-01-05T15:46:33","slug":"privacy-policy","status":"publish","type":"page","link":"https:\/\/gulfstream.agency\/de\/privacy-policy\/","title":{"rendered":"Datenschutzerkl\u00e4rung"},"content":{"rendered":"<p>VIS &#8211; LINGVO S.R.O. in Prague with the number of the company: 24736155 and registered address at 245\/23 Hornopo\u010dernick\u00e1 Str., Kbely, 19700, Prague, Czech Republic (the \u201cCompany\u201c, \u201cwe\u201c, \u201cus\u201d and \u201cour\u201c) respects your privacy. This policy explains our privacy practices for this website (the \u201cWebsite\u201d). It describes the ways your personal information is collected and used. This policy does not govern the privacy practices related to our products and services other than the Website itself.<\/p>\n\n\n\n<h5 class=\"wp-block-heading\"><strong>ZUSTIMMUNG<\/strong><\/h5>\n\n\n\n<p>Durch die Nutzung unserer Website stimmen Sie hiermit unserer Datenschutzrichtlinie zu und stimmen ihren Bedingungen zu.<\/p>\n\n\n\n<h5 class=\"wp-block-heading\"><strong>DEFINITIONEN<\/strong><\/h5>\n\n\n\n<p>Um die Dinge in dieser Datenschutzrichtlinie so klar wie m\u00f6glich zu erkl\u00e4ren, wird jedes Mal, wenn auf einen dieser Begriffe verwiesen wird, streng definiert als:<\/p>\n\n\n\n<ul><li>Unternehmen: Wenn in dieser Richtlinie \u201eUnternehmen\u201c, \u201ewir\u201c, \u201euns\u201c oder \u201eunser\u201c erw\u00e4hnt wird, bezieht sich dies auf VIS \u2013 LINGVO S.R.O. (245\/23 Hornopo\u010dernick\u00e1 Str., Kbely, 19700, Prag, Tschechische Republik), die gem\u00e4\u00df dieser Datenschutzrichtlinie f\u00fcr Ihre Informationen verantwortlich ist.<\/li><li>Country: where Gulf Stream Real Estate Agency or the owners\/founders of Gulf Stream Real Estate Agency are based, in this case is Czech Republic<\/li><li>Customer: refers to the company, organization or person that signs up to use the Gulf Stream Real Estate Agency Service to manage the relationships with your consumers or service users.<\/li><li>Device: any internet connected device such as a phone, tablet, computer or any other device that can be used to visit Gulf Stream Real Estate Agency and use the services.<\/li><li>IP-Adresse: Jedem mit dem Internet verbundenen Ger\u00e4t wird eine Nummer zugewiesen, die als Internet Protocol (IP)-Adresse bezeichnet wird. Diese Nummern werden normalerweise in geografischen Bl\u00f6cken vergeben. Eine IP-Adresse kann h\u00e4ufig verwendet werden, um den Standort zu identifizieren, von dem aus sich ein Ger\u00e4t mit dem Internet verbindet.<\/li><li>Personnel: refers to those individuals who are employed by Gulf Stream Real Estate Agency or are under contract to perform a service on behalf of one of the parties.<\/li><li>Personenbezogene Daten: alle Informationen, die direkt, indirekt oder in Verbindung mit anderen Informationen \u2013 einschlie\u00dflich einer pers\u00f6nlichen Identifikationsnummer \u2013 die Identifizierung oder Identifizierbarkeit einer nat\u00fcrlichen Person erm\u00f6glichen.<\/li><li>Service: refers to the service provided by Gulf Stream Real Estate Agency as described in the relative terms (if available) and on this platform.<\/li><li>Drittanbieter-Service: bezieht sich auf Werbetreibende, Sponsoren von Wettbewerben, Werbe- und Marketingpartner und andere, die unsere Inhalte bereitstellen oder deren Produkte oder Dienstleistungen Sie unserer Meinung nach interessieren k\u00f6nnten.<\/li><li>Website: Website von VIS \u2013 LINGVO S.R.O., auf die \u00fcber diese URL zugegriffen werden kann: <a href=\"https:\/\/gulfstream.agency\/de\/\">https:\/\/gulfstream.agency\/<\/a><\/li><li>You: a person or entity that is registered with Gulf Stream Real Estate Agency to use the Services.<\/li><\/ul>\n\n\n\n<h5 class=\"wp-block-heading\"><strong>INFORMATIONEN, DIE WIR SAMMELN<\/strong><\/h5>\n\n\n\n<p>Beim Ausf\u00fcllen unseres Online-Registrierungsformulars werden wir Sie bitten, uns pers\u00f6nliche Informationen wie Ihren Namen und Ihre Kontaktdaten mitzuteilen. Sie m\u00fcssen vollst\u00e4ndige, genaue und korrekte Angaben machen und best\u00e4tigen hiermit, dass die von Ihnen gemachten Angaben korrekt sind. Sie sind gesetzlich nicht verpflichtet, dem Unternehmen Ihre personenbezogenen Daten bereitzustellen. Wenn Sie jedoch falsche, falsche oder veraltete Informationen oder nur Teilinformationen angeben, kann dies unsere F\u00e4higkeit beeintr\u00e4chtigen, Sie zu kontaktieren. Wenn Sie dem Unternehmen personenbezogene Daten einer anderen Person zur Verf\u00fcgung stellen, erkl\u00e4ren und garantieren Sie, dass Sie die ausdr\u00fcckliche schriftliche Zustimmung der anderen Person erhalten haben, diese Daten dem Unternehmen bereitzustellen und sie gem\u00e4\u00df dieser Richtlinie zu verwenden. Das Unternehmen kann Informationen \u00fcber Ihre Aktivit\u00e4ten auf der Website sammeln, einschlie\u00dflich Informationen oder Inhalte, die Sie gelesen haben, Ihre Sitzungsdauer, die von Ihnen angesehenen Webseiten, Dienste, die f\u00fcr Sie von Interesse waren, den Standort des Computers und das Internetprotokoll ( IP)-Adresse, \u00fcber die Sie Zugriff auf die Website hatten, und mehr. Dar\u00fcber hinaus kann das Unternehmen die Unterst\u00fctzung von Dritten sammeln oder nutzen, um anonyme, statistische oder aggregierte Informationen in Bezug auf Ihre Nutzung der Website zu sammeln und zu analysieren.<\/p>\n\n\n\n<h5 class=\"wp-block-heading\"><strong>VERWENDUNG GESAMMELTER INFORMATIONEN<\/strong><\/h5>\n\n\n\n<p>Wir speichern die von Ihnen bereitgestellten Informationen und die Informationen, die wir \u00fcber Ihre Aktivit\u00e4ten auf der Website sammeln, in unserer Datenbank (die \u201eDatenbank\u201c). Wir werden die Informationen in \u00dcbereinstimmung mit dieser Richtlinie und allen anwendbaren Gesetzen verwenden, einschlie\u00dflich f\u00fcr die folgenden Zwecke:<\/p>\n\n\n\n<ul><li>Um die Dienste auf der Website bereitzustellen und Ihnen deren Nutzung zu erm\u00f6glichen;<\/li><li>Um unsere Produkte und Dienstleistungen insgesamt weiterzuentwickeln und zu verbessern und um die auf der Website angebotenen Dienstleistungen und Inhalte zu verbessern und zu erweitern, um neue Dienstleistungen und Inhalte zu erstellen, die den Anforderungen und Erwartungen der Benutzer der Website und unserer Kunden entsprechen und um vorhandene Dienste und Inhalte \u00e4ndern oder l\u00f6schen. Die vom Unternehmen zu diesem Zweck verwendeten Informationen sind haupts\u00e4chlich statistische Informationen und identifizieren Sie nicht pers\u00f6nlich;<\/li><li>Um Sie gelegentlich zu kontaktieren, entweder durch das Unternehmen oder durch jemanden in unserem Namen, einschlie\u00dflich durch Senden von E-Mail-Nachrichten, SMS-Nachrichten und Informationen zu unseren Dienstleistungen und Produkten;<\/li><li>Um Recherchen und Umfragen und andere \u00e4hnliche Aktivit\u00e4ten im Zusammenhang mit der Entwicklung von Produkten und Dienstleistungen durchzuf\u00fchren;<\/li><li>To analyze and provide statistical information to third parties. This information will not identify you personally;<\/li><li>F\u00fcr den ordnungsgem\u00e4\u00dfen und ordnungsgem\u00e4\u00dfen Betrieb und die Entwicklung der Website;<\/li><li>Zu jedem anderen Zweck, der in dieser Richtlinie oder in den Nutzungsbedingungen der Website angegeben ist.<\/li><\/ul>\n\n\n\n<h5 class=\"wp-block-heading\"><strong>WEITERGABE VON INFORMATIONEN AN DRITTE<\/strong><\/h5>\n\n\n\n<p>Wir k\u00f6nnen personenbezogene Daten, die in dieser Richtlinie beschrieben sind, in einem der folgenden F\u00e4lle an andere weitergeben:<\/p>\n\n\n\n<ul><li>An unsere Dienstleister, um die Website zu betreiben, zu warten und zu verbessern und unsere E-Mail-Kommunikation mit Ihnen zu erleichtern;<\/li><li>Wenn Sie Ihre Rechte zur Nutzung der Website missbraucht oder gegen geltendes Recht versto\u00dfen haben, k\u00f6nnen Ihre Daten an Beh\u00f6rden oder andere Dritte weitergegeben werden, wenn wir dies f\u00fcr notwendig oder gerechtfertigt halten;<\/li><li>Mit Anw\u00e4lten, Gerichten und relevanten Dritten in Streitf\u00e4llen oder Gerichtsverfahren jeglicher Art, an denen Sie in Bezug auf die Website beteiligt sind;<\/li><li>Wenn der Betrieb der Website in einem anderen Rahmen oder durch eine andere Rechtsstruktur oder K\u00f6rperschaft (z. B. aufgrund einer Fusion oder \u00dcbernahme) organisiert wird, vorausgesetzt, dass diese K\u00f6rperschaften damit einverstanden sind, an die Bestimmungen dieser Richtlinie gebunden zu sein, mit vern\u00fcnftigerweise notwendigen \u00c4nderungen ber\u00fccksichtigt; und<\/li><li>Wir k\u00f6nnen personenbezogene Daten an unsere Konzernunternehmen weitergeben (Unternehmen, die wir kontrollieren, die uns kontrollieren oder die unter gemeinsamer Kontrolle mit uns stehen, ob direkt oder indirekt), aber ihre Verwendung dieser Informationen muss der Richtlinie entsprechen.<\/li><li>In allen anderen als den oben genannten F\u00e4llen werden Ihre personenbezogenen Daten nur mit Ihrer ausdr\u00fccklichen vorherigen Zustimmung an andere weitergegeben.<\/li><\/ul>\n\n\n\n<h5 class=\"wp-block-heading\"><strong>ZUGRIFF, AKTUALISIERUNG ODER L\u00d6SCHEN IHRER &amp;lt<br>PERSONAL INFORMATION AND OBTAINING A COPY OF IT<\/strong><\/h5>\n\n\n\n<p>Wir respektieren Ihre Datenschutzrechte und deshalb k\u00f6nnen Sie uns jederzeit kontaktieren und anfordern:<\/p>\n\n\n\n<ul><li>um auf Sie betreffende personenbezogene Daten zuzugreifen, diese zu l\u00f6schen, zu \u00e4ndern oder zu aktualisieren (wenn Sie beispielsweise glauben, dass Ihre personenbezogenen Daten falsch sind, k\u00f6nnen Sie verlangen, dass sie korrigiert oder gel\u00f6scht werden); oder<\/li><li>dass wir jede weitere Verwendung Ihrer personenbezogenen Daten einstellen (Sie k\u00f6nnen beispielsweise verlangen, dass wir Ihre personenbezogenen Daten nicht mehr verwenden oder an Dritte weitergeben) oder dass wir Ihre personenbezogenen Daten entfernen (vorbehaltlich anderer gesetzlicher Verpflichtungen, die m\u00f6glicherweise erforderlich sind). uns, die Informationen aufzubewahren). Bitte beachten Sie, dass wir die von uns erhobenen Daten, sofern Sie uns nichts anderes anweisen, so lange aufbewahren, wie es f\u00fcr die Erbringung der Dienstleistungen und die Erf\u00fcllung unserer gesetzlichen Verpflichtungen, die Beilegung von Streitigkeiten und die Durchsetzung unserer Vereinbarungen erforderlich ist. Wir k\u00f6nnen unvollst\u00e4ndige oder ungenaue Informationen jederzeit und nach eigenem Ermessen berichtigen, erg\u00e4nzen oder entfernen. Wenn Sie eine Beschwerde dar\u00fcber einreichen m\u00f6chten, wie wir mit Ihren personenbezogenen Daten umgegangen sind, kontaktieren Sie uns bitte direkt unter <a href=\"mailto:info@gulfstream.agency\">info@gulfstream.agency<\/a> Wenn Sie mit unserer Antwort nicht zufrieden sind oder glauben, dass wir Ihre personenbezogenen Daten nicht in \u00dcbereinstimmung mit den Gesetzen erfassen oder verarbeiten, k\u00f6nnen Sie sich bei der zust\u00e4ndigen Datenschutzbeh\u00f6rde beschweren.<\/li><\/ul>\n\n\n\n<h5 class=\"wp-block-heading\"><strong>GELTENDES RECHT<\/strong><\/h5>\n\n\n\n<p>Diese Datenschutzrichtlinie unterliegt den Gesetzen der Tschechischen Republik, ohne R\u00fccksicht auf die Kollisionsnormen. Sie stimmen der ausschlie\u00dflichen Zust\u00e4ndigkeit der Gerichte im Zusammenhang mit Klagen oder Streitigkeiten zwischen den Parteien gem\u00e4\u00df oder im Zusammenhang mit dieser Datenschutzrichtlinie zu.<\/p>\n\n\n\n<p>Diese Vereinbarung und Ihre Nutzung der Website unterliegen den Gesetzen der Tschechischen Republik mit Ausnahme der Kollisionsnormen. Ihre Nutzung der Website kann auch anderen lokalen, staatlichen, nationalen oder internationalen Gesetzen unterliegen.<\/p>\n\n\n\n<p>By using Gulf Stream Real Estate Agency or contacting us directly, you signify your acceptance of this Privacy Policy. If you do not agree to this Privacy Policy, you should not engage with our website, or use our services. Continued use of the website, direct engagement with us, or following the posting of changes to this Privacy Policy that do not significantly affect the use or disclosure of your personal information will mean that you accept those changes.<\/p>\n\n\n\n<h5 class=\"wp-block-heading\"><strong>DSGVO-DATENSCHUTZRECHTE<\/strong><\/h5>\n\n\n\n<p>Wir m\u00f6chten sicherstellen, dass Sie sich all Ihrer Datenschutzrechte voll bewusst sind. Jeder Benutzer hat Anspruch auf:<\/p>\n\n\n\n<p>Auskunftsrecht \u2013 Sie haben das Recht, Kopien Ihrer personenbezogenen Daten anzufordern. F\u00fcr diesen Service k\u00f6nnen wir Ihnen eine kleine Geb\u00fchr berechnen.<\/p>\n\n\n\n<p>Das Recht auf Berichtigung \u2013 Sie haben das Recht zu verlangen, dass wir alle Informationen korrigieren, die Sie f\u00fcr unrichtig halten. Sie haben auch das Recht zu verlangen, dass wir die Informationen vervollst\u00e4ndigen, die Sie f\u00fcr unvollst\u00e4ndig halten.<\/p>\n\n\n\n<p>Das Recht auf Einschr\u00e4nkung der Verarbeitung \u2013 Sie haben das Recht zu verlangen, dass wir die Verarbeitung Ihrer personenbezogenen Daten unter bestimmten Bedingungen einschr\u00e4nken.<\/p>\n\n\n\n<p>Das Recht auf Einschr\u00e4nkung der Verarbeitung \u2013 Sie haben das Recht zu verlangen, dass wir die Verarbeitung Ihrer personenbezogenen Daten unter bestimmten Bedingungen einschr\u00e4nken.<\/p>\n\n\n\n<p>Das Recht auf Einschr\u00e4nkung der Verarbeitung \u2013 Sie haben das Recht zu verlangen, dass wir die Verarbeitung Ihrer personenbezogenen Daten unter bestimmten Bedingungen einschr\u00e4nken.<\/p>\n\n\n\n<p>Das Recht auf Daten\u00fcbertragbarkeit \u2013 Sie haben das Recht zu verlangen, dass wir die von uns erfassten Daten unter bestimmten Bedingungen an eine andere Organisation oder direkt an Sie \u00fcbertragen.<\/p>\n\n\n\n<p>Wenn Sie eine Anfrage stellen, haben wir einen Monat Zeit, um Ihnen zu antworten. Wenn Sie eines dieser Rechte aus\u00fcben m\u00f6chten, kontaktieren Sie uns bitte.<\/p>\n\n\n\n<h5 class=\"wp-block-heading\"><strong>INFORMATIONEN F\u00dcR KINDER<\/strong><\/h5>\n\n\n\n<p>Ein weiterer Teil unserer Priorit\u00e4t ist der Schutz von Kindern bei der Nutzung des Internets. Wir ermutigen Eltern und Erziehungsberechtigte, ihre Online-Aktivit\u00e4ten zu beobachten, daran teilzunehmen und\/oder sie zu \u00fcberwachen und zu leiten.<\/p>\n\n\n\n<p>Gulf Stream Real Estate Agency does not knowingly collect any Personal Identifiable Information from children under the age of 18. If you think that your child provided this kind of information on our website, we strongly encourage you to contact us immediately and we will do our best efforts to promptly remove such information from our records.<\/p>\n\n\n\n<p><strong>COOKIE UND ANDERE TRACKER<\/strong><\/p>\n\n\n\n<p>Wir verwenden verschiedene Arten von Cookies und andere Arten von Webtrackern, die uns bei der Verwaltung und dem Betrieb der Website helfen. Diese Tracker werden haupts\u00e4chlich verwendet, um statistische Informationen \u00fcber Ihre Nutzung der Website zu sammeln; Wir verwenden Cookies f\u00fcr Website-Analysezwecke, wie oben erl\u00e4utert. Wenn Sie Cookies blockieren m\u00f6chten, k\u00f6nnen Sie dies \u00fcber die Einstellungen Ihres Browsers tun. Sie k\u00f6nnen Cookies, die sich bereits auf Ihrem Computer befinden, l\u00f6schen und Ihren Browser so einstellen, dass das Setzen von Cookies f\u00fcr die Zukunft verhindert wird. Weitere Informationen finden Sie im Hilfemen\u00fc des Browsers. Bitte beachten Sie auch, dass das Deaktivieren von Cookies Ihre Benutzererfahrung auf der Website beeintr\u00e4chtigen kann. Wir reagieren nicht auf \u201eDo Not Track\u201c-Anforderungen von Browsern. Sie haben m\u00f6glicherweise das Recht, eine Beschwerde bei der zust\u00e4ndigen Datenschutzaufsichtsbeh\u00f6rde gem\u00e4\u00df dem Gesetz einzureichen.<\/p>\n\n\n\n<h5 class=\"wp-block-heading\"><strong>\u00c4NDERUNGEN DIESER RICHTLINIE<\/strong><\/h5>\n\n\n\n<p>Von Zeit zu Zeit kann das Unternehmen die Bedingungen dieser Richtlinie \u00e4ndern. Sie stimmen zu, an alle \u00c4nderungen gebunden zu sein, die an den Bedingungen dieser Richtlinie vorgenommen werden. Die fortgesetzte Nutzung der Website zeigt an, dass Sie die ge\u00e4nderten Bedingungen akzeptieren. Wenn Sie mit einer der ge\u00e4nderten Bedingungen nicht einverstanden sind, m\u00fcssen Sie die weitere Nutzung der Website unterlassen.<\/p>\n\n\n\n<h5 class=\"wp-block-heading\"><strong>KONTAKT<\/strong><\/h5>\n\n\n\n<p>Sie k\u00f6nnen uns bei Fragen oder Anmerkungen kontaktieren unter:<\/p>\n\n\n\n<ul><li>E-Mail  <a href=\"mailto:info@gulfstream.agency\">info@gulfstream.agency<\/a><\/li><li>Telefon  <a href=\"tel: 420296183174\">+420296183174<\/a><\/li><li>\u00dcber diesen Link:   <a href=\"https:\/\/gulfstream.agency\/de\/#who-we-are\">https:\/\/gulfstream.agency\/#who-we-are<\/a><\/li><\/ul>","protected":false},"excerpt":{"rendered":"<p>VIS &#8211; LINGVO S.R.O. in Prague with the number of the company: 24736155 and registered address at 245\/23 Hornopo\u010dernick\u00e1 Str., Kbely, 19700, Prague, Czech Republic (the \u201cCompany\u201c, \u201cwe\u201c, \u201cus\u201d and \u201cour\u201c) respects your privacy. This policy explains our privacy practices for this website (the \u201cWebsite\u201d). It describes the ways your personal information is collected and [&hellip;]<\/p>","protected":false},"author":1,"featured_media":0,"parent":0,"menu_order":0,"comment_status":"closed","ping_status":"open","template":"text.php","meta":{"footnotes":""},"yoast_head":"<!-- This site is optimized with the Yoast SEO plugin v17.7.1 - https:\/\/yoast.com\/wordpress\/plugins\/seo\/ -->\n<meta name=\"robots\" content=\"index, follow, max-snippet:-1, max-image-preview:large, max-video-preview:-1\" \/>\n<link rel=\"canonical\" href=\"https:\/\/gulfstream.agency\/de\/privacy-policy\/\" \/>\n<meta property=\"og:locale\" content=\"de_DE\" \/>\n<meta property=\"og:type\" content=\"article\" \/>\n<meta property=\"og:title\" content=\"Privacy Policy - Gulf Stream Real Estate Agency\" \/>\n<meta property=\"og:description\" content=\"VIS &#8211; LINGVO S.R.O. in Prague with the number of the company: 24736155 and registered address at 245\/23 Hornopo\u010dernick\u00e1 Str., Kbely, 19700, Prague, Czech Republic (the \u201cCompany\u201c, \u201cwe\u201c, \u201cus\u201d and \u201cour\u201c) respects your privacy. This policy explains our privacy practices for this website (the \u201cWebsite\u201d). It describes the ways your personal information is collected and [&hellip;]\" \/>\n<meta property=\"og:url\" content=\"https:\/\/gulfstream.agency\/de\/privacy-policy\/\" \/>\n<meta property=\"og:site_name\" content=\"Gulf Stream Real Estate Agency\" \/>\n<meta property=\"article:modified_time\" content=\"2023-01-05T15:46:33+00:00\" \/>\n<meta name=\"twitter:card\" content=\"summary_large_image\" \/>\n<meta name=\"twitter:label1\" content=\"Gesch\u00e4tzte Lesezeit\" \/>\n\t<meta name=\"twitter:data1\" content=\"9\u00a0Minuten\" \/>\n<script type=\"application\/ld+json\" class=\"yoast-schema-graph\">{\"@context\":\"https:\/\/schema.org\",\"@graph\":[{\"@type\":\"WebSite\",\"@id\":\"https:\/\/gulfstream.agency\/#website\",\"url\":\"https:\/\/gulfstream.agency\/\",\"name\":\"Gulf Stream Real Estate Agency\",\"description\":\"\",\"potentialAction\":[{\"@type\":\"SearchAction\",\"target\":{\"@type\":\"EntryPoint\",\"urlTemplate\":\"https:\/\/gulfstream.agency\/?s={search_term_string}\"},\"query-input\":\"required name=search_term_string\"}],\"inLanguage\":\"de\"},{\"@type\":\"WebPage\",\"@id\":\"https:\/\/gulfstream.agency\/privacy-policy\/#webpage\",\"url\":\"https:\/\/gulfstream.agency\/privacy-policy\/\",\"name\":\"Privacy Policy - Gulf Stream Real Estate Agency\",\"isPartOf\":{\"@id\":\"https:\/\/gulfstream.agency\/#website\"},\"datePublished\":\"2021-10-12T20:02:45+00:00\",\"dateModified\":\"2023-01-05T15:46:33+00:00\",\"breadcrumb\":{\"@id\":\"https:\/\/gulfstream.agency\/privacy-policy\/#breadcrumb\"},\"inLanguage\":\"de\",\"potentialAction\":[{\"@type\":\"ReadAction\",\"target\":[\"https:\/\/gulfstream.agency\/privacy-policy\/\"]}]},{\"@type\":\"BreadcrumbList\",\"@id\":\"https:\/\/gulfstream.agency\/privacy-policy\/#breadcrumb\",\"itemListElement\":[{\"@type\":\"ListItem\",\"position\":1,\"name\":\"Home\",\"item\":\"https:\/\/gulfstream.agency\/\"},{\"@type\":\"ListItem\",\"position\":2,\"name\":\"Privacy Policy\"}]}]}<\/script>\n<!-- \/ Yoast SEO plugin. -->","yoast_head_json":{"robots":{"index":"index","follow":"follow","max-snippet":"max-snippet:-1","max-image-preview":"max-image-preview:large","max-video-preview":"max-video-preview:-1"},"canonical":"https:\/\/gulfstream.agency\/de\/privacy-policy\/","og_locale":"de_DE","og_type":"article","og_title":"Privacy Policy - Gulf Stream Real Estate Agency","og_description":"VIS &#8211; LINGVO S.R.O. in Prague with the number of the company: 24736155 and registered address at 245\/23 Hornopo\u010dernick\u00e1 Str., Kbely, 19700, Prague, Czech Republic (the \u201cCompany\u201c, \u201cwe\u201c, \u201cus\u201d and \u201cour\u201c) respects your privacy. This policy explains our privacy practices for this website (the \u201cWebsite\u201d). It describes the ways your personal information is collected and [&hellip;]","og_url":"https:\/\/gulfstream.agency\/de\/privacy-policy\/","og_site_name":"Gulf Stream Real Estate Agency","article_modified_time":"2023-01-05T15:46:33+00:00","twitter_card":"summary_large_image","twitter_misc":{"Gesch\u00e4tzte Lesezeit":"9\u00a0Minuten"},"schema":{"@context":"https:\/\/schema.org","@graph":[{"@type":"WebSite","@id":"https:\/\/gulfstream.agency\/#website","url":"https:\/\/gulfstream.agency\/","name":"Gulf Stream Real Estate Agency","description":"","potentialAction":[{"@type":"SearchAction","target":{"@type":"EntryPoint","urlTemplate":"https:\/\/gulfstream.agency\/?s={search_term_string}"},"query-input":"required name=search_term_string"}],"inLanguage":"de"},{"@type":"WebPage","@id":"https:\/\/gulfstream.agency\/privacy-policy\/#webpage","url":"https:\/\/gulfstream.agency\/privacy-policy\/","name":"Privacy Policy - Gulf Stream Real Estate Agency","isPartOf":{"@id":"https:\/\/gulfstream.agency\/#website"},"datePublished":"2021-10-12T20:02:45+00:00","dateModified":"2023-01-05T15:46:33+00:00","breadcrumb":{"@id":"https:\/\/gulfstream.agency\/privacy-policy\/#breadcrumb"},"inLanguage":"de","potentialAction":[{"@type":"ReadAction","target":["https:\/\/gulfstream.agency\/privacy-policy\/"]}]},{"@type":"BreadcrumbList","@id":"https:\/\/gulfstream.agency\/privacy-policy\/#breadcrumb","itemListElement":[{"@type":"ListItem","position":1,"name":"Home","item":"https:\/\/gulfstream.agency\/"},{"@type":"ListItem","position":2,"name":"Privacy Policy"}]}]}},"_links":{"self":[{"href":"https:\/\/gulfstream.agency\/de\/wp-json\/wp\/v2\/pages\/3"}],"collection":[{"href":"https:\/\/gulfstream.agency\/de\/wp-json\/wp\/v2\/pages"}],"about":[{"href":"https:\/\/gulfstream.agency\/de\/wp-json\/wp\/v2\/types\/page"}],"author":[{"embeddable":true,"href":"https:\/\/gulfstream.agency\/de\/wp-json\/wp\/v2\/users\/1"}],"replies":[{"embeddable":true,"href":"https:\/\/gulfstream.agency\/de\/wp-json\/wp\/v2\/comments?post=3"}],"version-history":[{"count":9,"href":"https:\/\/gulfstream.agency\/de\/wp-json\/wp\/v2\/pages\/3\/revisions"}],"predecessor-version":[{"id":718,"href":"https:\/\/gulfstream.agency\/de\/wp-json\/wp\/v2\/pages\/3\/revisions\/718"}],"wp:attachment":[{"href":"https:\/\/gulfstream.agency\/de\/wp-json\/wp\/v2\/media?parent=3"}],"curies":[{"name":"wp","href":"https:\/\/api.w.org\/{rel}","templated":true}]}}