{"id":257,"date":"2021-11-10T14:13:20","date_gmt":"2021-11-10T14:13:20","guid":{"rendered":"https:\/\/gulfstream.agency\/?page_id=257"},"modified":"2021-11-11T11:21:28","modified_gmt":"2021-11-11T11:21:28","slug":"delivery-policy","status":"publish","type":"page","link":"https:\/\/gulfstream.agency\/de\/delivery-policy\/","title":{"rendered":"Lieferbedingungen"},"content":{"rendered":"<p>Vielen Dank f\u00fcr die Nutzung unserer Dienste unter <a href=\"https:\/\/gulfstream.agency\/de\/\">https:\/\/gulfstream.agency\/<\/a> betrieben von VIS \u2013 LINGVO S.R.O.<\/p>\n\n\n\n<p>Nachdem der Kunde eine Anfrage erhalten hat, kontaktiert unser Manager ihn\/sie, um seine\/ihre W\u00fcnsche zu kl\u00e4ren. Dann schlie\u00dfen wir einen Vertrag ab:<\/p>\n\n\n\n<ul><li>Beim Verkauf\/Kauf der Immobilie unterzeichnet der Kunde alle erforderlichen Dokumente, f\u00fchrt eine Geld\u00fcberweisung durch und unser Unternehmen erh\u00e4lt eine Provision f\u00fcr Dienstleistungen.<\/li><li>Bei der Immobilientreuhandverwaltung schlie\u00dft der Auftraggeber einen Vertrag mit unserem Unternehmen ab und \u00fcberweist je nach gew\u00e4hltem Zeitraum der Zusammenarbeit Geld.<\/li><\/ul>\n\n\n\n<p>Die Lieferzeit der Dienstleistungen h\u00e4ngt direkt vom Ziel des Kunden und den Eigenschaften der Immobilie ab.<\/p>\n\n\n\n<p>Der Auftraggeber bestimmt die Dauer der treuh\u00e4nderischen Verwaltung des Objektes. Das Unternehmen stellt einen Zeitrahmen f\u00fcr die Umsetzung eines Ziels des Immobilienobjekts f\u00fcr einen Zeitraum von 5 bis 14 Werktagen zur Verf\u00fcgung.&nbsp;<\/p>\n\n\n\n<p>Der Service der umfassenden Unterst\u00fctzung des Kunden beim Verkauf und Kauf von Immobilien impliziert eine Umsetzungsfrist durch das Unternehmen von 5 bis 14 Werktagen. Sie h\u00e4ngt vom gew\u00e4hlten Leistungspaket, dem Zweck und den Eigenschaften der Immobilie ab.<\/p>\n\n\n\n<p>Der Zeitpunkt der Leistungserbringung h\u00e4ngt direkt vom Ziel des Kunden und den Eigenschaften der Immobilie ab.<\/p>\n\n\n\n<p>Sie k\u00f6nnen uns bei Fragen oder Anmerkungen kontaktieren unter: <a href=\"mailto:info@gulfstream.agency\">info@gulfstream.agency<\/a><\/p>\n\n\n\n<p>Telefon <a href=\"tel: 420296183174\">+420296183174<\/a><\/p>\n\n\n\n<p>\u00dcber diesen Link: <a href=\"https:\/\/gulfstream.agency\/de\/#who-we-are\">https:\/\/gulfstream.agency\/#who-we-are<\/a><\/p>","protected":false},"excerpt":{"rendered":"<p>Thanks for using our services at https:\/\/gulfstream.agency\/ operated by VIS &#8211; LINGVO S.R.O. Having received a request from the client, our manager contacts him\/her to clarify his\/her wishes. Then we conclude a contract: In the case of the sale\/purchase of the real estate, the client signs all the necessary documents, make a money transfer, and [&hellip;]<\/p>","protected":false},"author":1,"featured_media":0,"parent":0,"menu_order":0,"comment_status":"closed","ping_status":"closed","template":"","meta":{"footnotes":""},"yoast_head":"<!-- This site is optimized with the Yoast SEO plugin v17.7.1 - https:\/\/yoast.com\/wordpress\/plugins\/seo\/ -->\n<meta name=\"robots\" content=\"index, follow, max-snippet:-1, max-image-preview:large, max-video-preview:-1\" \/>\n<link rel=\"canonical\" href=\"https:\/\/gulfstream.agency\/de\/delivery-policy\/\" \/>\n<meta property=\"og:locale\" content=\"de_DE\" \/>\n<meta property=\"og:type\" content=\"article\" \/>\n<meta property=\"og:title\" content=\"Delivery Policy - Gulf Stream Real Estate Agency\" \/>\n<meta property=\"og:description\" content=\"Thanks for using our services at https:\/\/gulfstream.agency\/ operated by VIS &#8211; LINGVO S.R.O. Having received a request from the client, our manager contacts him\/her to clarify his\/her wishes. Then we conclude a contract: In the case of the sale\/purchase of the real estate, the client signs all the necessary documents, make a money transfer, and [&hellip;]\" \/>\n<meta property=\"og:url\" content=\"https:\/\/gulfstream.agency\/de\/delivery-policy\/\" \/>\n<meta property=\"og:site_name\" content=\"Gulf Stream Real Estate Agency\" \/>\n<meta property=\"article:modified_time\" content=\"2021-11-11T11:21:28+00:00\" \/>\n<meta name=\"twitter:card\" content=\"summary_large_image\" \/>\n<meta name=\"twitter:label1\" content=\"Gesch\u00e4tzte Lesezeit\" \/>\n\t<meta name=\"twitter:data1\" content=\"1\u00a0Minute\" \/>\n<script type=\"application\/ld+json\" class=\"yoast-schema-graph\">{\"@context\":\"https:\/\/schema.org\",\"@graph\":[{\"@type\":\"WebSite\",\"@id\":\"https:\/\/gulfstream.agency\/#website\",\"url\":\"https:\/\/gulfstream.agency\/\",\"name\":\"Gulf Stream Real Estate Agency\",\"description\":\"\",\"potentialAction\":[{\"@type\":\"SearchAction\",\"target\":{\"@type\":\"EntryPoint\",\"urlTemplate\":\"https:\/\/gulfstream.agency\/?s={search_term_string}\"},\"query-input\":\"required name=search_term_string\"}],\"inLanguage\":\"de\"},{\"@type\":\"WebPage\",\"@id\":\"https:\/\/gulfstream.agency\/delivery-policy\/#webpage\",\"url\":\"https:\/\/gulfstream.agency\/delivery-policy\/\",\"name\":\"Delivery Policy - Gulf Stream Real Estate Agency\",\"isPartOf\":{\"@id\":\"https:\/\/gulfstream.agency\/#website\"},\"datePublished\":\"2021-11-10T14:13:20+00:00\",\"dateModified\":\"2021-11-11T11:21:28+00:00\",\"breadcrumb\":{\"@id\":\"https:\/\/gulfstream.agency\/delivery-policy\/#breadcrumb\"},\"inLanguage\":\"de\",\"potentialAction\":[{\"@type\":\"ReadAction\",\"target\":[\"https:\/\/gulfstream.agency\/delivery-policy\/\"]}]},{\"@type\":\"BreadcrumbList\",\"@id\":\"https:\/\/gulfstream.agency\/delivery-policy\/#breadcrumb\",\"itemListElement\":[{\"@type\":\"ListItem\",\"position\":1,\"name\":\"Home\",\"item\":\"https:\/\/gulfstream.agency\/\"},{\"@type\":\"ListItem\",\"position\":2,\"name\":\"Delivery Policy\"}]}]}<\/script>\n<!-- \/ Yoast SEO plugin. -->","yoast_head_json":{"robots":{"index":"index","follow":"follow","max-snippet":"max-snippet:-1","max-image-preview":"max-image-preview:large","max-video-preview":"max-video-preview:-1"},"canonical":"https:\/\/gulfstream.agency\/de\/delivery-policy\/","og_locale":"de_DE","og_type":"article","og_title":"Delivery Policy - Gulf Stream Real Estate Agency","og_description":"Thanks for using our services at https:\/\/gulfstream.agency\/ operated by VIS &#8211; LINGVO S.R.O. Having received a request from the client, our manager contacts him\/her to clarify his\/her wishes. Then we conclude a contract: In the case of the sale\/purchase of the real estate, the client signs all the necessary documents, make a money transfer, and [&hellip;]","og_url":"https:\/\/gulfstream.agency\/de\/delivery-policy\/","og_site_name":"Gulf Stream Real Estate Agency","article_modified_time":"2021-11-11T11:21:28+00:00","twitter_card":"summary_large_image","twitter_misc":{"Gesch\u00e4tzte Lesezeit":"1\u00a0Minute"},"schema":{"@context":"https:\/\/schema.org","@graph":[{"@type":"WebSite","@id":"https:\/\/gulfstream.agency\/#website","url":"https:\/\/gulfstream.agency\/","name":"Gulf Stream Real Estate Agency","description":"","potentialAction":[{"@type":"SearchAction","target":{"@type":"EntryPoint","urlTemplate":"https:\/\/gulfstream.agency\/?s={search_term_string}"},"query-input":"required name=search_term_string"}],"inLanguage":"de"},{"@type":"WebPage","@id":"https:\/\/gulfstream.agency\/delivery-policy\/#webpage","url":"https:\/\/gulfstream.agency\/delivery-policy\/","name":"Delivery Policy - Gulf Stream Real Estate Agency","isPartOf":{"@id":"https:\/\/gulfstream.agency\/#website"},"datePublished":"2021-11-10T14:13:20+00:00","dateModified":"2021-11-11T11:21:28+00:00","breadcrumb":{"@id":"https:\/\/gulfstream.agency\/delivery-policy\/#breadcrumb"},"inLanguage":"de","potentialAction":[{"@type":"ReadAction","target":["https:\/\/gulfstream.agency\/delivery-policy\/"]}]},{"@type":"BreadcrumbList","@id":"https:\/\/gulfstream.agency\/delivery-policy\/#breadcrumb","itemListElement":[{"@type":"ListItem","position":1,"name":"Home","item":"https:\/\/gulfstream.agency\/"},{"@type":"ListItem","position":2,"name":"Delivery Policy"}]}]}},"_links":{"self":[{"href":"https:\/\/gulfstream.agency\/de\/wp-json\/wp\/v2\/pages\/257"}],"collection":[{"href":"https:\/\/gulfstream.agency\/de\/wp-json\/wp\/v2\/pages"}],"about":[{"href":"https:\/\/gulfstream.agency\/de\/wp-json\/wp\/v2\/types\/page"}],"author":[{"embeddable":true,"href":"https:\/\/gulfstream.agency\/de\/wp-json\/wp\/v2\/users\/1"}],"replies":[{"embeddable":true,"href":"https:\/\/gulfstream.agency\/de\/wp-json\/wp\/v2\/comments?post=257"}],"version-history":[{"count":2,"href":"https:\/\/gulfstream.agency\/de\/wp-json\/wp\/v2\/pages\/257\/revisions"}],"predecessor-version":[{"id":261,"href":"https:\/\/gulfstream.agency\/de\/wp-json\/wp\/v2\/pages\/257\/revisions\/261"}],"wp:attachment":[{"href":"https:\/\/gulfstream.agency\/de\/wp-json\/wp\/v2\/media?parent=257"}],"curies":[{"name":"wp","href":"https:\/\/api.w.org\/{rel}","templated":true}]}}